{"id":10,"date":"2020-12-14T02:34:03","date_gmt":"2020-12-14T02:34:03","guid":{"rendered":"http:\/\/sw-themes.com\/porto_dummy\/?page_id=10"},"modified":"2025-11-05T11:22:11","modified_gmt":"2025-11-05T11:22:11","slug":"hakkimizda","status":"publish","type":"page","link":"https:\/\/kardoor.com.tr\/en\/hakkimizda\/","title":{"rendered":"About Us"},"content":{"rendered":"<div class=\"wpb-content-wrapper\"><div class=\"vc_row wpb_row vc_row-fluid\"><div class=\"wpb_column vc_column_container vc_col-sm-12\"><div class=\"vc_column-inner\"><div class=\"wpb_wrapper\">\n\t<div class=\"wpb_text_column wpb_content_element\" >\n\t\t<div class=\"wpb_wrapper\">\n\t\t\t<h3>D\u00dcNYA&#8217;YA A\u00c7ILAN KAPI<\/h3>\n<h2>KARDOOR<\/h2>\n<p>Firmam\u0131z 2006 y\u0131l\u0131nda Karalgazi Kap\u0131 Mobilya \u0130n\u015f. San. Ltd. \u015eti. ad\u0131 alt\u0131nda, Kardoor markas\u0131 ile Adana\u2019da kurulmu\u015ftur. Temel \u00fcretimi kap\u0131 olan firmam\u0131z; 7.000 m\u00b2\u2019 si kapal\u0131 olmak \u00fczere toplam 10.000 m\u00b2 \u2018lik alanda tesis edilmi\u015ftir.<\/p>\n<p>\u00c7a\u011f\u0131n gerekliliklerine uygun teknolojik makinelerle donat\u0131lm\u0131\u015f, seri ve hatas\u0131z imalat prensipleri do\u011frultusunda k\u0131sa zamanda b\u00fcy\u00fck mesafeler katetmi\u015f, sekt\u00f6r\u00fcn \u00f6nemli firmalar\u0131 aras\u0131na girmi\u015ftir.<\/p>\n<p>KARDOOR markas\u0131n\u0131; sekt\u00f6rde tasar\u0131m ve nitelik y\u00f6n\u00fcnden en \u00fcst seviyeye ta\u015f\u0131may\u0131 misyon edinen, yurti\u00e7i ve yurtd\u0131\u015f\u0131 a\u011f\u0131n\u0131 geni\u015fleten firmam\u0131z sizlerle daha iyiye ve daha g\u00fczele emin ad\u0131mlarla ilerlemektedir.<\/p>\n\n\t\t<\/div>\n\t<\/div>\n<\/div><\/div><\/div><\/div><div class=\"vc_row wpb_row vc_row-fluid custom-page-wrapper pt-5 container-lg-custom vc_custom_1686824690386\"><div class=\"wpb_column vc_column_container vc_col-sm-12\"><div class=\"vc_column-inner\"><div class=\"wpb_wrapper\"><div class=\"vc_row wpb_row vc_inner vc_row-fluid custom-lightbox-wrapper pb-3 mb-4\"><div class=\"wpb_column mb-4 mb-md-0 vc_column_container vc_col-sm-6\"><div class=\"vc_column-inner\"><div class=\"wpb_wrapper\">\n\t<div  class=\"wpb_single_image wpb_content_element vc_align_center mb-0\">\n\t\t\n\t\t<figure class=\"wpb_wrapper vc_figure\">\n\t\t\t<a href=\"https:\/\/kardoor.com.tr\/wp-content\/uploads\/2023\/06\/hk-5.jpg\" target=\"_self\" class=\"vc_single_image-wrapper   vc_box_border_grey\"><img loading=\"lazy\" decoding=\"async\" width=\"1000\" height=\"750\" src=\"https:\/\/kardoor.com.tr\/wp-content\/uploads\/2023\/06\/hk-5.jpg\" class=\"vc_single_image-img attachment-full\" alt=\"\" title=\"\" srcset=\"https:\/\/kardoor.com.tr\/wp-content\/uploads\/2023\/06\/hk-5.jpg 1000w, https:\/\/kardoor.com.tr\/wp-content\/uploads\/2023\/06\/hk-5-300x225.jpg 300w, https:\/\/kardoor.com.tr\/wp-content\/uploads\/2023\/06\/hk-5-768x576.jpg 768w, https:\/\/kardoor.com.tr\/wp-content\/uploads\/2023\/06\/hk-5-16x12.jpg 16w, https:\/\/kardoor.com.tr\/wp-content\/uploads\/2023\/06\/hk-5-463x348.jpg 463w, https:\/\/kardoor.com.tr\/wp-content\/uploads\/2023\/06\/hk-5-640x480.jpg 640w, https:\/\/kardoor.com.tr\/wp-content\/uploads\/2023\/06\/hk-5-400x300.jpg 400w, https:\/\/kardoor.com.tr\/wp-content\/uploads\/2023\/06\/hk-5-367x275.jpg 367w, https:\/\/kardoor.com.tr\/wp-content\/uploads\/2023\/06\/hk-5-200x150.jpg 200w\" sizes=\"auto, (max-width: 1000px) 100vw, 1000px\" \/><\/a>\n\t\t<\/figure>\n\t<\/div>\n<\/div><\/div><\/div><div class=\"wpb_column mb-4 mb-md-0 vc_column_container vc_col-sm-6\"><div class=\"vc_column-inner\"><div class=\"wpb_wrapper\">\n\t<div  class=\"wpb_single_image wpb_content_element vc_align_center mb-0\">\n\t\t\n\t\t<figure class=\"wpb_wrapper vc_figure\">\n\t\t\t<a href=\"https:\/\/kardoor.com.tr\/wp-content\/uploads\/2023\/06\/hk-2.jpg\" target=\"_self\" class=\"vc_single_image-wrapper   vc_box_border_grey\"><img loading=\"lazy\" decoding=\"async\" width=\"1000\" height=\"750\" src=\"https:\/\/kardoor.com.tr\/wp-content\/uploads\/2023\/06\/hk-2.jpg\" class=\"vc_single_image-img attachment-full\" alt=\"\" title=\"\" srcset=\"https:\/\/kardoor.com.tr\/wp-content\/uploads\/2023\/06\/hk-2.jpg 1000w, https:\/\/kardoor.com.tr\/wp-content\/uploads\/2023\/06\/hk-2-300x225.jpg 300w, https:\/\/kardoor.com.tr\/wp-content\/uploads\/2023\/06\/hk-2-768x576.jpg 768w, https:\/\/kardoor.com.tr\/wp-content\/uploads\/2023\/06\/hk-2-16x12.jpg 16w, https:\/\/kardoor.com.tr\/wp-content\/uploads\/2023\/06\/hk-2-463x348.jpg 463w, https:\/\/kardoor.com.tr\/wp-content\/uploads\/2023\/06\/hk-2-640x480.jpg 640w, https:\/\/kardoor.com.tr\/wp-content\/uploads\/2023\/06\/hk-2-400x300.jpg 400w, https:\/\/kardoor.com.tr\/wp-content\/uploads\/2023\/06\/hk-2-367x275.jpg 367w, https:\/\/kardoor.com.tr\/wp-content\/uploads\/2023\/06\/hk-2-200x150.jpg 200w\" sizes=\"auto, (max-width: 1000px) 100vw, 1000px\" \/><\/a>\n\t\t<\/figure>\n\t<\/div>\n<\/div><\/div><\/div><\/div><\/div><\/div><\/div><\/div>\n<\/div>","protected":false},"excerpt":{"rendered":"D\u00dcNYA'YA A\u00c7ILAN KAPI KARDOOR Firmam\u0131z 2006 y\u0131l\u0131nda Karalgazi Kap\u0131 Mobilya \u0130n\u015f. San. Ltd. \u015eti. ad\u0131 alt\u0131nda, Kardoor markas\u0131 ile Adana\u2019da","protected":false},"author":2,"featured_media":0,"parent":0,"menu_order":0,"comment_status":"closed","ping_status":"closed","template":"","meta":{"footnotes":""},"class_list":["post-10","page","type-page","status-publish","hentry"],"_links":{"self":[{"href":"https:\/\/kardoor.com.tr\/en\/wp-json\/wp\/v2\/pages\/10","targetHints":{"allow":["GET"]}}],"collection":[{"href":"https:\/\/kardoor.com.tr\/en\/wp-json\/wp\/v2\/pages"}],"about":[{"href":"https:\/\/kardoor.com.tr\/en\/wp-json\/wp\/v2\/types\/page"}],"author":[{"embeddable":true,"href":"https:\/\/kardoor.com.tr\/en\/wp-json\/wp\/v2\/users\/2"}],"replies":[{"embeddable":true,"href":"https:\/\/kardoor.com.tr\/en\/wp-json\/wp\/v2\/comments?post=10"}],"version-history":[{"count":13,"href":"https:\/\/kardoor.com.tr\/en\/wp-json\/wp\/v2\/pages\/10\/revisions"}],"predecessor-version":[{"id":5161,"href":"https:\/\/kardoor.com.tr\/en\/wp-json\/wp\/v2\/pages\/10\/revisions\/5161"}],"wp:attachment":[{"href":"https:\/\/kardoor.com.tr\/en\/wp-json\/wp\/v2\/media?parent=10"}],"curies":[{"name":"wp","href":"https:\/\/api.w.org\/{rel}","templated":true}]}}