{"id":4595,"date":"2023-06-15T10:18:09","date_gmt":"2023-06-15T10:18:09","guid":{"rendered":"https:\/\/kardoor.com.tr\/?page_id=4595"},"modified":"2023-09-22T06:10:14","modified_gmt":"2023-09-22T06:10:14","slug":"iletisim","status":"publish","type":"page","link":"https:\/\/kardoor.com.tr\/en\/iletisim\/","title":{"rendered":"Contact Us"},"content":{"rendered":"<div class=\"wpb-content-wrapper\"><div class=\"vc_row wpb_row vc_row-fluid vc_custom_1686829057216\"><div class=\"wpb_column vc_column_container vc_col-sm-6\"><div class=\"vc_column-inner\"><div class=\"wpb_wrapper\"><h3 style=\"font-size: 2em;color: #212529;line-height: 1.2;text-align: left\" class=\"vc_custom_heading vc_do_custom_heading mt-4 mb-4 pt-3\" >Contact Information<\/h3><p style=\"font-size: 1.5em;color: #777777;line-height: 1.4;text-align: left\" class=\"vc_custom_heading vc_do_custom_heading ccustom-font3 mb-4 mt-2\" >You can reach us through our communication channels to obtain information about our products.<\/p><style>.porto-info-listb4cf0df48bf0cd18b8d8b22fcefc80fe i { color: #9c1006; }<\/style><ul class=\"porto-info-list  porto-info-listb4cf0df48bf0cd18b8d8b22fcefc80fe wpb_custom_82fc60a151f9af43a52a1c5549f7f9a3\"><li class=\"porto-info-list-item  wpb_custom_eade0171093a7591372ccf9372738e3d\"><i class=\"porto-info-icon fas fa-map-marker-alt\"><\/i><div class=\"porto-info-list-item-desc\"><span style=\"font-size: 16px;\"><strong>Address:<\/strong> G\u00fczelevler Mah. Kanarya Cad. No: 22\/A\u00a0 \u00a0 Y\u00fcre\u011fir \/ ADANA \/ T\u00dcRK\u0130YE<\/span><\/div><\/li><li class=\"porto-info-list-item  wpb_custom_eade0171093a7591372ccf9372738e3d\"><i class=\"porto-info-icon fas fa-phone\"><\/i><div class=\"porto-info-list-item-desc\"><span style=\"font-size: 18px;\"><strong>Phone:<\/strong> +90 (322) 346 66 41<\/span><\/div><\/li><li class=\"porto-info-list-item  wpb_custom_eade0171093a7591372ccf9372738e3d\"><i class=\"porto-info-icon fas fa-fax\"><\/i><div class=\"porto-info-list-item-desc\"><span style=\"font-size: 18px;\"><strong>Fax:<\/strong> +90 (322) 346 44 11<\/span><\/div><\/li><li class=\"porto-info-list-item  wpb_custom_eade0171093a7591372ccf9372738e3d\"><i class=\"porto-info-icon fas fa-envelope\"><\/i><div class=\"porto-info-list-item-desc\"><span style=\"font-size: 18px;\"><strong>Email:<\/strong> info@kardoor.com.tr<\/span><\/div><\/li><\/ul><h3 style=\"font-size: 1.7em;color: #212529;line-height: 1.2;text-align: left\" class=\"vc_custom_heading vc_do_custom_heading mt-4 mb-4 pt-3\" >Sat\u0131\u015f Departman\u0131<\/h3><style>.porto-info-listb4cf0df48bf0cd18b8d8b22fcefc80fe i { color: #9c1006; }<\/style><ul class=\"porto-info-list  porto-info-listb4cf0df48bf0cd18b8d8b22fcefc80fe wpb_custom_82fc60a151f9af43a52a1c5549f7f9a3\"><li class=\"porto-info-list-item  wpb_custom_eade0171093a7591372ccf9372738e3d\"><i class=\"porto-info-icon fas fa-phone\"><\/i><div class=\"porto-info-list-item-desc\"><span style=\"font-size: 18px;\"><strong>Phone:<\/strong> +90 (541) 685 59 16 (\u015eenol \u00dcNAL)<\/span><\/div><\/li><li class=\"porto-info-list-item  wpb_custom_eade0171093a7591372ccf9372738e3d\"><i class=\"porto-info-icon fas fa-envelope\"><\/i><div class=\"porto-info-list-item-desc\"><span style=\"font-size: 18px;\"><strong>Email:<\/strong> senolunal@kardoor.com.tr <\/span><\/div><\/li><li class=\"porto-info-list-item  wpb_custom_eade0171093a7591372ccf9372738e3d\"><i class=\"porto-info-icon fas fa-phone\"><\/i><div class=\"porto-info-list-item-desc\"><span style=\"font-size: 18px;\"><strong>Phone:<\/strong> +90 (555) 997 73 82 (Ahmet G\u00dcZEL)<\/span><\/div><\/li><li class=\"porto-info-list-item  wpb_custom_eade0171093a7591372ccf9372738e3d\"><i class=\"porto-info-icon fas fa-envelope\"><\/i><div class=\"porto-info-list-item-desc\"><span style=\"font-size: 18px;\"><strong>Email:<\/strong> ahmet@kardoor.com.tr<\/span><\/div><\/li><\/ul><\/div><\/div><\/div><div class=\"wpb_column vc_column_container vc_col-sm-6\"><div class=\"vc_column-inner\"><div class=\"wpb_wrapper\"><h3 style=\"font-size: 2em;color: #212529;line-height: 1.2;text-align: left\" class=\"vc_custom_heading vc_do_custom_heading mt-4 mb-4 pt-3\" >Contact Form<\/h3>\n\t<div class=\"wpb_text_column wpb_content_element\" >\n\t\t<div class=\"wpb_wrapper\">\n\t\t\t<div id=\"quform-091990\" class=\"quform quform-1 quform-theme-light quform-support-page-caching\"><form id=\"quform-form-091990\" class=\"quform-form quform-form-1\" action=\"\/en\/wp-json\/wp\/v2\/pages\/4595#quform-091990\" method=\"post\" enctype=\"multipart\/form-data\" novalidate=\"novalidate\" data-options=\"{&quot;id&quot;:1,&quot;uniqueId&quot;:&quot;091990&quot;,&quot;theme&quot;:&quot;light&quot;,&quot;ajax&quot;:true,&quot;logic&quot;:{&quot;logic&quot;:[],&quot;dependents&quot;:[],&quot;elementIds&quot;:[],&quot;dependentElementIds&quot;:[],&quot;animate&quot;:true},&quot;currentPageId&quot;:1,&quot;errorsIcon&quot;:&quot;&quot;,&quot;updateFancybox&quot;:true,&quot;hasPages&quot;:false,&quot;pages&quot;:[1],&quot;pageProgressType&quot;:&quot;numbers&quot;,&quot;tooltipsEnabled&quot;:true,&quot;tooltipClasses&quot;:&quot;qtip-quform-dark qtip-shadow&quot;,&quot;tooltipMy&quot;:&quot;left center&quot;,&quot;tooltipAt&quot;:&quot;right center&quot;,&quot;isRtl&quot;:false,&quot;scrollOffset&quot;:-50,&quot;scrollSpeed&quot;:800}\" data-trp-original-action=\"\/en\/wp-json\/wp\/v2\/pages\/4595#quform-091990\"><button class=\"quform-default-submit\" name=\"quform_submit\" type=\"submit\" value=\"submit\" aria-hidden=\"true\" tabindex=\"-1\"><\/button><div class=\"quform-form-inner quform-form-inner-1\"><input type=\"hidden\" name=\"quform_form_id\" value=\"1\" \/><input type=\"hidden\" name=\"quform_form_uid\" value=\"091990\" \/><input type=\"hidden\" name=\"quform_count\" value=\"1\" \/><input type=\"hidden\" name=\"form_url\" value=\"https:\/\/kardoor.com.tr\/en\/wp-json\/wp\/v2\/pages\/4595\" \/><input type=\"hidden\" name=\"referring_url\" value=\"\" \/><input type=\"hidden\" name=\"post_id\" value=\"\" \/><input type=\"hidden\" name=\"post_title\" value=\"\" \/><input type=\"hidden\" name=\"quform_current_page_id\" value=\"1\" \/><input type=\"hidden\" name=\"quform_csrf_token\" value=\"dN3YTjTHqTEMWmkuoQuoI3Z8sn0tFYCaeppOgjO3\" \/><div class=\"quform-elements quform-elements-1 quform-cf quform-responsive-elements-phone-landscape\"><div class=\"quform-element quform-element-page quform-page-1 quform-page-1_1 quform-cf quform-group-style-plain quform-first-page quform-last-page quform-current-page\"><div class=\"quform-child-elements\"><div class=\"quform-element quform-element-text quform-element-1_12 quform-cf quform-labels-inside quform-element-required\"><div class=\"quform-spacer\"><div class=\"quform-label quform-label-1_12\"><span class=\"quform-label-icon\"><i class=\"fa fa-user\"><\/i><\/span><label class=\"quform-label-text\" for=\"quform_1_12_091990\">Your Name and Surname<span class=\"quform-required\">*<\/span><\/label><\/div><div class=\"quform-inner quform-inner-text quform-inner-1_12\"><div class=\"quform-input quform-input-text quform-input-1_12 quform-cf\"><input type=\"text\" id=\"quform_1_12_091990\" name=\"quform_1_12\" class=\"quform-field quform-field-text quform-field-1_12\" \/><\/div><\/div><\/div><\/div><div class=\"quform-element quform-element-row quform-element-row-1_4 quform-2-columns quform-element-row-size-fixed quform-responsive-columns-phone-landscape\"><div class=\"quform-element quform-element-column quform-element-1_5\"><div class=\"quform-element quform-element-email quform-element-1_7 quform-cf quform-labels-inside quform-element-required\"><div class=\"quform-spacer\"><div class=\"quform-label quform-label-1_7\"><span class=\"quform-label-icon\"><i class=\"fa fa-envelope\"><\/i><\/span><label class=\"quform-label-text\" for=\"quform_1_7_091990\">Your E-Mail Address<span class=\"quform-required\">*<\/span><\/label><\/div><div class=\"quform-inner quform-inner-email quform-inner-1_7\"><div class=\"quform-input quform-input-email quform-input-1_7 quform-cf\"><input type=\"email\" id=\"quform_1_7_091990\" name=\"quform_1_7\" class=\"quform-field quform-field-email quform-field-1_7\" \/><\/div><\/div><\/div><\/div><\/div><div class=\"quform-element quform-element-column quform-element-1_6\"><div class=\"quform-element quform-element-text quform-element-1_8 quform-cf quform-labels-inside quform-element-optional\"><div class=\"quform-spacer\"><div class=\"quform-label quform-label-1_8\"><span class=\"quform-label-icon\"><i class=\"fa fa-phone\"><\/i><\/span><label class=\"quform-label-text\" for=\"quform_1_8_091990\">Your Phone Number<\/label><\/div><div class=\"quform-inner quform-inner-text quform-inner-1_8\"><div class=\"quform-input quform-input-text quform-input-1_8 quform-cf\"><input type=\"text\" id=\"quform_1_8_091990\" name=\"quform_1_8\" class=\"quform-field quform-field-text quform-field-1_8\" \/><\/div><\/div><\/div><\/div><\/div><\/div><div class=\"quform-element quform-element-textarea quform-element-1_9 quform-cf quform-labels-inside quform-element-required\"><div class=\"quform-spacer\"><div class=\"quform-label quform-label-1_9\"><span class=\"quform-label-icon\"><i class=\"fa fa-pencil-square-o\"><\/i><\/span><label class=\"quform-label-text\" for=\"quform_1_9_091990\">Your Message<span class=\"quform-required\">*<\/span><\/label><\/div><div class=\"quform-inner quform-inner-textarea quform-inner-1_9\"><div class=\"quform-input quform-input-textarea quform-input-1_9 quform-cf\"><textarea id=\"quform_1_9_091990\" name=\"quform_1_9\" class=\"quform-field quform-field-textarea quform-field-1_9\"><\/textarea><\/div><\/div><\/div><\/div><div class=\"quform-element quform-element-captcha quform-element-1_14 quform-cf quform-labels-inside quform-element-required\"><div class=\"quform-spacer\"><div class=\"quform-label quform-label-1_14\"><label class=\"quform-label-text\" for=\"quform_1_14_091990\">Please type the characters<span class=\"quform-required\">*<\/span><\/label><\/div><div class=\"quform-inner quform-inner-captcha quform-inner-1_14\"><div class=\"quform-input quform-input-captcha quform-input-1_14 quform-cf\"><input type=\"text\" id=\"quform_1_14_091990\" name=\"quform_1_14\" class=\"quform-field quform-field-captcha quform-field-1_14\" \/><\/div><div class=\"quform-captcha quform-cf\"><div class=\"quform-captcha-image quform-captcha-image-1_14\"><img loading=\"lazy\" decoding=\"async\" class=\"quform-captcha-image-img\" src=\"data:image\/png;base64,iVBORw0KGgoAAAANSUhEUgAAAOYAAABQBAMAAAD\/1xTgAAAAG1BMVEX\/\/\/8iIiLj4+NZWVk9PT2QkJB0dHSsrKzHx8eb20P\/AAAACXBIWXMAAA7EAAAOxAGVKw4bAAADq0lEQVRoge1XTW\/aQBB1DcYcM9gkHG2SlB5jkqo94jZNe8RNKuUIUdrkGCtS26OhUpqf3dmZXbxrEgyHIrXadwC8zOybr51ZO46FhYWFhYWFxT8E9zHaNuU9ALzZLuUFCHzaJuU+MO62yJkChCfIubc9ygZAN3J8ZC62xplDKMgOAEZb40yhJ77aleC60d+jRK4J\/Ugg0Nez8HKDXQbXuxtIeyqPGUBkmAJnxZp7tM9ho2poKaocYFwu++L0dF\/9WGen802PWktZOAM4KpddeWjhVpMdfDv+umxEg+R2o4042cLcLNxfivStuRSa\/vjHd7FY7j3P4CakN26B0veVe\/jPji46UKSKhHVAL5a+E0O3CaERoio81tvL+XtEQSQb\/aqxIrrhcbpYZXNB2\/4wgQIr7+dNNN2Ac4f8o56QVTmF6Nhp49\/8LNJ283uKlSXjcI0Lk4QMz1ZxuilxDTnvgSDD2tmdDy6WktLk3ZuqnJFtyBtEYiMeRuOUpFZystKYkiMTI9MEQWZyxlxTngwmHljqGTNOMGt9cEQCIuQcreIUSnsUyolcmDLnVYUzo83dB1nOGJmOoGaT+YCg3+RsnZ9ULAV+hIsFivdH5O7ocilJZCA5Y+ZqAhvrQ0A\/UhBqdZziIHbQ2XelFSfw\/lKojzQplxJFrWEitQqm5vw+onxHKMWYpFpOzFBIWTDRLqMtpXqSU3AJh6W76sDmoiJSeIlFVcvJCSxz106p+ptmm25wTBN1NqacjEaZlIZQSKGPttZzNhbGO9L0iDY1ZpnM32EasFty1GHZD5WtwqoUsCH06jmF8dp8nhLnPiyVbWHqsEntuabYRc4iFsdsHc6uwXnZ\/w7GKKP2ZOhMK88OBwjbH2Y+WS+2JcFMNgXNDDdyjWdnUUNY5TdqyaPeV7hGE34GVENlcLkPGkMqCb5Ux9NM1avmE16lElzN6jlbdFa0bJEN4edSwldDR8MLua+rjbwZhIIzBvOYPQE06ygHrem0ryF8XWgS3EyHhlZLOu5pxrQ4SR7U3Ux80ay9J5qCIUIdXJdwpUaulYIrC6NyZVxGTkHK9Oa3hHtYjm5G9\/0Hw9iMPfROr1ZS+jyTWrDSNrwCAJg9XwSS3mu02mrCGndMmiHB6d3BGdXN8\/LuPVTuR+SU2cEWQ3Ul5FnsSP1VFT5IzCZBo7NaWnml0p5CvD4nvvBXFny8AYW3pszcqYVHtoZjfs8NonoNA\/35phoWFhYWFhYWFhYW\/wX+AG98nMcdBozgAAAAAElFTkSuQmCC\" alt=\"CAPTCHA image\" data-element-id=\"14\" width=\"115\" height=\"40\" \/><\/div><\/div><\/div><\/div><\/div><div class=\"quform-element quform-element-submit quform-element-1_2 quform-cf quform-button-style-theme quform-button-size-medium quform-button-width-medium\"><div class=\"quform-button-submit quform-button-submit-default quform-button-submit-1_2\" data-animation=\"one\"><button name=\"quform_submit\" type=\"submit\" class=\"quform-submit\" value=\"submit\"><span class=\"quform-button-text quform-button-submit-text\">Send<\/span><\/button><\/div><div class=\"quform-loading quform-loading-position-left quform-loading-type-spinner-1\"><div class=\"quform-loading-inner\"><div class=\"quform-loading-spinner\"><div class=\"quform-loading-spinner-inner\"><\/div><\/div><\/div><\/div><\/div><div class=\"quform-element-tree\"><label for=\"quform_1_0_091990\">This field should be left blank<\/label><input type=\"text\" id=\"quform_1_0_091990\" name=\"quform_1_0\" class=\"quform-field quform-field-tree quform-field-1_0\" tabindex=\"-1\" autocomplete=\"off\" \/><\/div><\/div><\/div><\/div><\/div><input type=\"hidden\" name=\"trp-form-language\" value=\"en\"\/><\/form><\/div>\n\n\t\t<\/div>\n\t<\/div>\n<\/div><\/div><\/div><\/div><div class=\"vc_row wpb_row vc_row-fluid mb-0 vc_custom_1608749568566\"><div class=\"wpb_column position-relative vc_column_container vc_col-sm-12\"><div class=\"vc_column-inner\"><div class=\"wpb_wrapper\"><div class=\"wpb_gmaps_widget wpb_content_element\"><div class=\"wpb_wrapper\"><div class=\"wpb_map_wraper\"><iframe src=\"https:\/\/www.google.com\/maps\/embed?pb=!1m14!1m8!1m3!1d12749.0305027024!2d35.3895291!3d36.9797833!3m2!1i1024!2i768!4f13.1!3m3!1m2!1s0x15288fdff07885cf%3A0x633aea8f933ff628!2sKaralgazi%20Kap%C4%B1%20Mobilya!5e0!3m2!1str!2str!4v1686665020878!5m2!1str!2str\" width=\"600\" height=\"450\" style=\"border:0;\" allowfullscreen=\"\" loading=\"lazy\" referrerpolicy=\"no-referrer-when-downgrade\"><\/iframe><\/div><\/div><\/div><\/div><\/div><\/div><\/div>\n<\/div>","protected":false},"excerpt":{"rendered":"\u0130leti\u015fim Bilgileri\u00dcr\u00fcnlerimiz hakk\u0131nda bilgi almak i\u00e7in ileti\u015fim kanallar\u0131m\u0131zdan bize ula\u015fabilirsiniz.Adres: G\u00fczelevler Mah. Kanarya Cad. No: 22\/A\u00a0 \u00a0 Y\u00fcre\u011fir \/ ADANA","protected":false},"author":2,"featured_media":0,"parent":0,"menu_order":0,"comment_status":"closed","ping_status":"closed","template":"","meta":{"footnotes":""},"class_list":["post-4595","page","type-page","status-publish","hentry"],"_links":{"self":[{"href":"https:\/\/kardoor.com.tr\/en\/wp-json\/wp\/v2\/pages\/4595","targetHints":{"allow":["GET"]}}],"collection":[{"href":"https:\/\/kardoor.com.tr\/en\/wp-json\/wp\/v2\/pages"}],"about":[{"href":"https:\/\/kardoor.com.tr\/en\/wp-json\/wp\/v2\/types\/page"}],"author":[{"embeddable":true,"href":"https:\/\/kardoor.com.tr\/en\/wp-json\/wp\/v2\/users\/2"}],"replies":[{"embeddable":true,"href":"https:\/\/kardoor.com.tr\/en\/wp-json\/wp\/v2\/comments?post=4595"}],"version-history":[{"count":6,"href":"https:\/\/kardoor.com.tr\/en\/wp-json\/wp\/v2\/pages\/4595\/revisions"}],"predecessor-version":[{"id":5081,"href":"https:\/\/kardoor.com.tr\/en\/wp-json\/wp\/v2\/pages\/4595\/revisions\/5081"}],"wp:attachment":[{"href":"https:\/\/kardoor.com.tr\/en\/wp-json\/wp\/v2\/media?parent=4595"}],"curies":[{"name":"wp","href":"https:\/\/api.w.org\/{rel}","templated":true}]}}