{"id":4933,"date":"2023-06-20T08:13:29","date_gmt":"2023-06-20T08:13:29","guid":{"rendered":"https:\/\/kardoor.com.tr\/?page_id=4933"},"modified":"2023-06-20T09:08:13","modified_gmt":"2023-06-20T09:08:13","slug":"panel-kapilar","status":"publish","type":"page","link":"https:\/\/kardoor.com.tr\/en\/panel-kapilar\/","title":{"rendered":"Panel Doors"},"content":{"rendered":"<div class=\"wpb-content-wrapper\"><div class=\"vc_row wpb_row vc_row-fluid custom-page-wrapper pt-5 container-lg-custom\"><div class=\"wpb_column vc_column_container vc_col-sm-12\"><div class=\"vc_column-inner\"><div class=\"wpb_wrapper\"><\/div><\/div><\/div><div class=\"wpb_column vc_column_container vc_col-sm-12\"><div class=\"vc_column-inner\"><div class=\"wpb_wrapper\"><div class=\"vc_row wpb_row vc_inner vc_row-fluid\"><div class=\"wpb_column vc_column_container vc_col-sm-3\"><div class=\"vc_column-inner\"><div class=\"wpb_wrapper\"><div class=\"porto-image-frame\"><div class=\"thumb-info thumb-info-hide-wrapper-bg thumb-info-no-borders thumb-info-box-shadow\"><a href=\"https:\/\/kardoor.com.tr\/en\/panel-kapilar\/antik-2\/\" title=\"\" target=\"_self\"><span class=\"thumb-info-wrapper\"><img loading=\"lazy\" decoding=\"async\" alt=\"\" src=\"\/\/kardoor.com.tr\/wp-content\/uploads\/2023\/06\/ANTIK-.jpg\" class=\"img-responsive\" width=\"1201\" height=\"1800\"><span class=\"thumb-info-title\"><span class=\"thumb-info-inner\">ANT\u0130K<em><\/em><\/span><span class=\"thumb-info-type\">Panel Doors<\/span><\/span><span class=\"thumb-info-action\"><span class=\"thumb-info-action-icon\"><i class=\"fas fa-link\"><\/i><\/span><\/span><\/span><\/a><\/div><\/div><\/div><\/div><\/div><div class=\"wpb_column vc_column_container vc_col-sm-3\"><div class=\"vc_column-inner\"><div class=\"wpb_wrapper\"><div class=\"porto-image-frame\"><div class=\"thumb-info thumb-info-hide-wrapper-bg thumb-info-no-borders thumb-info-box-shadow\"><a href=\"https:\/\/kardoor.com.tr\/en\/panel-kapilar\/efes-2\/\" title=\"\" target=\"_self\"><span class=\"thumb-info-wrapper\"><img loading=\"lazy\" decoding=\"async\" alt=\"\" src=\"\/\/kardoor.com.tr\/wp-content\/uploads\/2023\/06\/EFES-.jpg\" class=\"img-responsive\" width=\"1201\" height=\"1800\"><span class=\"thumb-info-title\"><span class=\"thumb-info-inner\">EFES<em><\/em><\/span><span class=\"thumb-info-type\">Panel Doors<\/span><\/span><span class=\"thumb-info-action\"><span class=\"thumb-info-action-icon\"><i class=\"fas fa-link\"><\/i><\/span><\/span><\/span><\/a><\/div><\/div><\/div><\/div><\/div><div class=\"wpb_column vc_column_container vc_col-sm-3\"><div class=\"vc_column-inner\"><div class=\"wpb_wrapper\"><div class=\"porto-image-frame\"><div class=\"thumb-info thumb-info-hide-wrapper-bg thumb-info-no-borders thumb-info-box-shadow\"><a href=\"https:\/\/kardoor.com.tr\/en\/panel-kapilar\/erciyes-2\/\" title=\"\" target=\"_self\"><span class=\"thumb-info-wrapper\"><img loading=\"lazy\" decoding=\"async\" alt=\"\" src=\"\/\/kardoor.com.tr\/wp-content\/uploads\/2023\/06\/ERCIYES-.jpg\" class=\"img-responsive\" width=\"1201\" height=\"1800\"><span class=\"thumb-info-title\"><span class=\"thumb-info-inner\">ERC\u0130YES<em><\/em><\/span><span class=\"thumb-info-type\">Panel Doors<\/span><\/span><span class=\"thumb-info-action\"><span class=\"thumb-info-action-icon\"><i class=\"fas fa-link\"><\/i><\/span><\/span><\/span><\/a><\/div><\/div><\/div><\/div><\/div><div class=\"wpb_column vc_column_container vc_col-sm-3\"><div class=\"vc_column-inner\"><div class=\"wpb_wrapper\"><div class=\"porto-image-frame\"><div class=\"thumb-info thumb-info-hide-wrapper-bg thumb-info-no-borders thumb-info-box-shadow\"><a href=\"https:\/\/kardoor.com.tr\/en\/panel-kapilar\/hitit-2\/\" title=\"\" target=\"_self\"><span class=\"thumb-info-wrapper\"><img loading=\"lazy\" decoding=\"async\" alt=\"\" src=\"\/\/kardoor.com.tr\/wp-content\/uploads\/2023\/06\/HITIT-.jpg\" class=\"img-responsive\" width=\"1201\" height=\"1800\"><span class=\"thumb-info-title\"><span class=\"thumb-info-inner\">H\u0130T\u0130T<em><\/em><\/span><span class=\"thumb-info-type\">Panel Doors<\/span><\/span><span class=\"thumb-info-action\"><span class=\"thumb-info-action-icon\"><i class=\"fas fa-link\"><\/i><\/span><\/span><\/span><\/a><\/div><\/div><\/div><\/div><\/div><\/div><div class=\"vc_row wpb_row vc_inner vc_row-fluid\"><div class=\"wpb_column vc_column_container vc_col-sm-3\"><div class=\"vc_column-inner\"><div class=\"wpb_wrapper\"><div class=\"porto-image-frame\"><div class=\"thumb-info thumb-info-hide-wrapper-bg thumb-info-no-borders thumb-info-box-shadow\"><a href=\"https:\/\/kardoor.com.tr\/en\/panel-kapilar\/ilgaz-2\/\" title=\"\" target=\"_self\"><span class=\"thumb-info-wrapper\"><img loading=\"lazy\" decoding=\"async\" alt=\"\" src=\"\/\/kardoor.com.tr\/wp-content\/uploads\/2023\/06\/ILGAZ-.jpg\" class=\"img-responsive\" width=\"1201\" height=\"1800\"><span class=\"thumb-info-title\"><span class=\"thumb-info-inner\">ILGAZ<em><\/em><\/span><span class=\"thumb-info-type\">Panel Doors<\/span><\/span><span class=\"thumb-info-action\"><span class=\"thumb-info-action-icon\"><i class=\"fas fa-link\"><\/i><\/span><\/span><\/span><\/a><\/div><\/div><\/div><\/div><\/div><div class=\"wpb_column vc_column_container vc_col-sm-3\"><div class=\"vc_column-inner\"><div class=\"wpb_wrapper\"><div class=\"porto-image-frame\"><div class=\"thumb-info thumb-info-hide-wrapper-bg thumb-info-no-borders thumb-info-box-shadow\"><a href=\"https:\/\/kardoor.com.tr\/en\/panel-kapilar\/kardelen-2\/\" title=\"\" target=\"_self\"><span class=\"thumb-info-wrapper\"><img loading=\"lazy\" decoding=\"async\" alt=\"\" src=\"\/\/kardoor.com.tr\/wp-content\/uploads\/2023\/06\/KARDELEN-.jpg\" class=\"img-responsive\" width=\"1201\" height=\"1800\"><span class=\"thumb-info-title\"><span class=\"thumb-info-inner\">KARDELEN<em><\/em><\/span><span class=\"thumb-info-type\">Panel Doors<\/span><\/span><span class=\"thumb-info-action\"><span class=\"thumb-info-action-icon\"><i class=\"fas fa-link\"><\/i><\/span><\/span><\/span><\/a><\/div><\/div><\/div><\/div><\/div><div class=\"wpb_column vc_column_container vc_col-sm-3\"><div class=\"vc_column-inner\"><div class=\"wpb_wrapper\"><div class=\"porto-image-frame\"><div class=\"thumb-info thumb-info-hide-wrapper-bg thumb-info-no-borders thumb-info-box-shadow\"><a href=\"https:\/\/kardoor.com.tr\/en\/panel-kapilar\/kartepe-2\/\" title=\"\" target=\"_self\"><span class=\"thumb-info-wrapper\"><img loading=\"lazy\" decoding=\"async\" alt=\"\" src=\"\/\/kardoor.com.tr\/wp-content\/uploads\/2023\/06\/KARTEPE-.jpg\" class=\"img-responsive\" width=\"1201\" height=\"1800\"><span class=\"thumb-info-title\"><span class=\"thumb-info-inner\">KARTEPE<em><\/em><\/span><span class=\"thumb-info-type\">Panel Doors<\/span><\/span><span class=\"thumb-info-action\"><span class=\"thumb-info-action-icon\"><i class=\"fas fa-link\"><\/i><\/span><\/span><\/span><\/a><\/div><\/div><\/div><\/div><\/div><div class=\"wpb_column vc_column_container vc_col-sm-3\"><div class=\"vc_column-inner\"><div class=\"wpb_wrapper\"><div class=\"porto-image-frame\"><div class=\"thumb-info thumb-info-hide-wrapper-bg thumb-info-no-borders thumb-info-box-shadow\"><a href=\"https:\/\/kardoor.com.tr\/en\/panel-kapilar\/milas-2\/\" title=\"\" target=\"_self\"><span class=\"thumb-info-wrapper\"><img loading=\"lazy\" decoding=\"async\" alt=\"\" src=\"\/\/kardoor.com.tr\/wp-content\/uploads\/2023\/06\/MILAS-.jpg\" class=\"img-responsive\" width=\"1201\" height=\"1800\"><span class=\"thumb-info-title\"><span class=\"thumb-info-inner\">M\u0130LAS<em><\/em><\/span><span class=\"thumb-info-type\">Panel Doors<\/span><\/span><span class=\"thumb-info-action\"><span class=\"thumb-info-action-icon\"><i class=\"fas fa-link\"><\/i><\/span><\/span><\/span><\/a><\/div><\/div><\/div><\/div><\/div><\/div><\/div><\/div><\/div><\/div>\n<\/div>","protected":false},"excerpt":{"rendered":"ANT\u0130KPANEL KAPILAREFESPANEL KAPILARERC\u0130YESPANEL KAPILARH\u0130T\u0130TPANEL KAPILARILGAZPANEL KAPILARKARDELENPANEL KAPILARKARTEPEPANEL KAPILARM\u0130LASPANEL KAPILAR","protected":false},"author":2,"featured_media":0,"parent":0,"menu_order":0,"comment_status":"closed","ping_status":"closed","template":"","meta":{"footnotes":""},"class_list":["post-4933","page","type-page","status-publish","hentry"],"_links":{"self":[{"href":"https:\/\/kardoor.com.tr\/en\/wp-json\/wp\/v2\/pages\/4933","targetHints":{"allow":["GET"]}}],"collection":[{"href":"https:\/\/kardoor.com.tr\/en\/wp-json\/wp\/v2\/pages"}],"about":[{"href":"https:\/\/kardoor.com.tr\/en\/wp-json\/wp\/v2\/types\/page"}],"author":[{"embeddable":true,"href":"https:\/\/kardoor.com.tr\/en\/wp-json\/wp\/v2\/users\/2"}],"replies":[{"embeddable":true,"href":"https:\/\/kardoor.com.tr\/en\/wp-json\/wp\/v2\/comments?post=4933"}],"version-history":[{"count":4,"href":"https:\/\/kardoor.com.tr\/en\/wp-json\/wp\/v2\/pages\/4933\/revisions"}],"predecessor-version":[{"id":4969,"href":"https:\/\/kardoor.com.tr\/en\/wp-json\/wp\/v2\/pages\/4933\/revisions\/4969"}],"wp:attachment":[{"href":"https:\/\/kardoor.com.tr\/en\/wp-json\/wp\/v2\/media?parent=4933"}],"curies":[{"name":"wp","href":"https:\/\/api.w.org\/{rel}","templated":true}]}}