{"id":4973,"date":"2023-06-20T09:24:26","date_gmt":"2023-06-20T09:24:26","guid":{"rendered":"https:\/\/kardoor.com.tr\/?page_id=4973"},"modified":"2023-07-03T09:20:43","modified_gmt":"2023-07-03T09:20:43","slug":"diger-urunler","status":"publish","type":"page","link":"https:\/\/kardoor.com.tr\/en\/diger-urunler\/","title":{"rendered":"Other Products"},"content":{"rendered":"<div class=\"wpb-content-wrapper\"><div class=\"vc_row wpb_row vc_row-fluid custom-page-wrapper pt-5 container-lg-custom\"><div class=\"wpb_column vc_column_container vc_col-sm-12\"><div class=\"vc_column-inner\"><div class=\"wpb_wrapper\"><\/div><\/div><\/div><div class=\"wpb_column vc_column_container vc_col-sm-12\"><div class=\"vc_column-inner\"><div class=\"wpb_wrapper\"><div class=\"vc_row wpb_row vc_inner vc_row-fluid\"><div class=\"wpb_column vc_column_container vc_col-sm-3\"><div class=\"vc_column-inner\"><div class=\"wpb_wrapper\"><div class=\"porto-image-frame\"><div class=\"thumb-info thumb-info-hide-wrapper-bg thumb-info-no-borders thumb-info-box-shadow\"><a href=\"https:\/\/kardoor.com.tr\/en\/diger-kapilar\/laminant-2\/\" title=\"\" target=\"_self\"><span class=\"thumb-info-wrapper\"><img loading=\"lazy\" decoding=\"async\" alt=\"\" src=\"\/\/kardoor.com.tr\/wp-content\/uploads\/2023\/06\/LAMINANT.jpg\" class=\"img-responsive\" width=\"1201\" height=\"1800\"><span class=\"thumb-info-title\"><span class=\"thumb-info-inner\">Laminates<em><\/em><\/span><span class=\"thumb-info-type\">Other Products<\/span><\/span><span class=\"thumb-info-action\"><span class=\"thumb-info-action-icon\"><i class=\"fas fa-link\"><\/i><\/span><\/span><\/span><\/a><\/div><\/div><\/div><\/div><\/div><div class=\"wpb_column vc_column_container vc_col-sm-3\"><div class=\"vc_column-inner\"><div class=\"wpb_wrapper\"><div class=\"porto-image-frame\"><div class=\"thumb-info thumb-info-hide-wrapper-bg thumb-info-no-borders thumb-info-box-shadow\"><a href=\"https:\/\/kardoor.com.tr\/en\/diger-urunler\/pervazlar-2\/\" title=\"\" target=\"_self\"><span class=\"thumb-info-wrapper\"><img loading=\"lazy\" decoding=\"async\" alt=\"\" src=\"\/\/kardoor.com.tr\/wp-content\/uploads\/2023\/07\/pervazlar.jpg\" class=\"img-responsive\" width=\"900\" height=\"600\"><span class=\"thumb-info-title\"><span class=\"thumb-info-inner\">Door Frame<em><\/em><\/span><span class=\"thumb-info-type\">Other Products<\/span><\/span><span class=\"thumb-info-action\"><span class=\"thumb-info-action-icon\"><i class=\"fas fa-link\"><\/i><\/span><\/span><\/span><\/a><\/div><\/div><div class=\"porto-image-frame\"><div class=\"thumb-info thumb-info-hide-wrapper-bg thumb-info-no-borders thumb-info-box-shadow\"><a href=\"https:\/\/kardoor.com.tr\/en\/diger-urunler\/kasalar-2\/\" title=\"\" target=\"_self\"><span class=\"thumb-info-wrapper\"><img loading=\"lazy\" decoding=\"async\" alt=\"\" src=\"\/\/kardoor.com.tr\/wp-content\/uploads\/2023\/07\/kasalar.jpg\" class=\"img-responsive\" width=\"900\" height=\"600\"><span class=\"thumb-info-title\"><span class=\"thumb-info-inner\">Door Case<em><\/em><\/span><span class=\"thumb-info-type\">Other Products<\/span><\/span><span class=\"thumb-info-action\"><span class=\"thumb-info-action-icon\"><i class=\"fas fa-link\"><\/i><\/span><\/span><\/span><\/a><\/div><\/div><\/div><\/div><\/div><div class=\"wpb_column vc_column_container vc_col-sm-3\"><div class=\"vc_column-inner\"><div class=\"wpb_wrapper\"><div class=\"porto-image-frame\"><div class=\"thumb-info thumb-info-hide-wrapper-bg thumb-info-no-borders thumb-info-box-shadow\"><a href=\"https:\/\/kardoor.com.tr\/en\/diger-urunler\/ozel-havuzlu-kasa\/\" title=\"\" target=\"_self\"><span class=\"thumb-info-wrapper\"><img loading=\"lazy\" decoding=\"async\" alt=\"\" src=\"\/\/kardoor.com.tr\/wp-content\/uploads\/2023\/07\/ozel-havuzlu-kasar.jpg\" class=\"img-responsive\" width=\"900\" height=\"600\"><span class=\"thumb-info-title\"><span class=\"thumb-info-inner\">Door Case With Pool<em><\/em><\/span><span class=\"thumb-info-type\">Other Products<\/span><\/span><span class=\"thumb-info-action\"><span class=\"thumb-info-action-icon\"><i class=\"fas fa-link\"><\/i><\/span><\/span><\/span><\/a><\/div><\/div><div class=\"porto-image-frame\"><div class=\"thumb-info thumb-info-hide-wrapper-bg thumb-info-no-borders thumb-info-box-shadow\"><a href=\"https:\/\/kardoor.com.tr\/en\/diger-urunler\/kapi-petegi-2\/\" title=\"\" target=\"_self\"><span class=\"thumb-info-wrapper\"><img loading=\"lazy\" decoding=\"async\" alt=\"\" src=\"\/\/kardoor.com.tr\/wp-content\/uploads\/2023\/07\/kapi-petegi.jpg\" class=\"img-responsive\" width=\"900\" height=\"600\"><span class=\"thumb-info-title\"><span class=\"thumb-info-inner\">Honeycomb<em><\/em><\/span><span class=\"thumb-info-type\">Other Products<\/span><\/span><span class=\"thumb-info-action\"><span class=\"thumb-info-action-icon\"><i class=\"fas fa-link\"><\/i><\/span><\/span><\/span><\/a><\/div><\/div><\/div><\/div><\/div><div class=\"wpb_column vc_column_container vc_col-sm-3\"><div class=\"vc_column-inner\"><div class=\"wpb_wrapper\"><\/div><\/div><\/div><\/div><\/div><\/div><\/div><\/div>\n<\/div>","protected":false},"excerpt":{"rendered":"LAM\u0130NANTD\u0130\u011eER \u00dcR\u00dcNLERPERVAZLARD\u0130\u011eER \u00dcR\u00dcNLERKASALARD\u0130\u011eER \u00dcR\u00dcNLER\u00d6ZEL HAVUZLU KASAD\u0130\u011eER \u00dcR\u00dcNLERKAPI PETE\u011e\u0130D\u0130\u011eER \u00dcR\u00dcNLER","protected":false},"author":2,"featured_media":0,"parent":0,"menu_order":0,"comment_status":"closed","ping_status":"closed","template":"","meta":{"footnotes":""},"class_list":["post-4973","page","type-page","status-publish","hentry"],"_links":{"self":[{"href":"https:\/\/kardoor.com.tr\/en\/wp-json\/wp\/v2\/pages\/4973","targetHints":{"allow":["GET"]}}],"collection":[{"href":"https:\/\/kardoor.com.tr\/en\/wp-json\/wp\/v2\/pages"}],"about":[{"href":"https:\/\/kardoor.com.tr\/en\/wp-json\/wp\/v2\/types\/page"}],"author":[{"embeddable":true,"href":"https:\/\/kardoor.com.tr\/en\/wp-json\/wp\/v2\/users\/2"}],"replies":[{"embeddable":true,"href":"https:\/\/kardoor.com.tr\/en\/wp-json\/wp\/v2\/comments?post=4973"}],"version-history":[{"count":12,"href":"https:\/\/kardoor.com.tr\/en\/wp-json\/wp\/v2\/pages\/4973\/revisions"}],"predecessor-version":[{"id":5059,"href":"https:\/\/kardoor.com.tr\/en\/wp-json\/wp\/v2\/pages\/4973\/revisions\/5059"}],"wp:attachment":[{"href":"https:\/\/kardoor.com.tr\/en\/wp-json\/wp\/v2\/media?parent=4973"}],"curies":[{"name":"wp","href":"https:\/\/api.w.org\/{rel}","templated":true}]}}