{"id":5051,"date":"2023-07-03T09:17:50","date_gmt":"2023-07-03T09:17:50","guid":{"rendered":"https:\/\/kardoor.com.tr\/?page_id=5051"},"modified":"2023-07-03T09:17:50","modified_gmt":"2023-07-03T09:17:50","slug":"kasalar-2","status":"publish","type":"page","link":"https:\/\/kardoor.com.tr\/en\/diger-urunler\/kasalar-2\/","title":{"rendered":"Door Case"},"content":{"rendered":"<div class=\"wpb-content-wrapper\"><div class=\"vc_row wpb_row vc_row-fluid custom-page-wrapper pt-5 container-lg-custom\"><div class=\"wpb_column vc_column_container vc_col-sm-12\"><div class=\"vc_column-inner\"><div class=\"wpb_wrapper\"><\/div><\/div><\/div><div class=\"wpb_column vc_column_container vc_col-sm-12\"><div class=\"vc_column-inner\"><div class=\"wpb_wrapper\"><div class=\"vc_row wpb_row vc_inner vc_row-fluid\"><div class=\"wpb_column vc_column_container vc_col-sm-6\"><div class=\"vc_column-inner\"><div class=\"wpb_wrapper\">\n\t<div  class=\"wpb_single_image wpb_content_element vc_align_center\">\n\t\t\n\t\t<figure class=\"wpb_wrapper vc_figure\">\n\t\t\t<div class=\"vc_single_image-wrapper vc_box_shadow_3d  vc_box_border_grey\"><img loading=\"lazy\" decoding=\"async\" width=\"900\" height=\"600\" src=\"https:\/\/kardoor.com.tr\/wp-content\/uploads\/2023\/07\/kasalar.jpg\" class=\"vc_single_image-img attachment-full\" alt=\"\" title=\"kasalar\" srcset=\"https:\/\/kardoor.com.tr\/wp-content\/uploads\/2023\/07\/kasalar.jpg 900w, https:\/\/kardoor.com.tr\/wp-content\/uploads\/2023\/07\/kasalar-300x200.jpg 300w, https:\/\/kardoor.com.tr\/wp-content\/uploads\/2023\/07\/kasalar-768x512.jpg 768w, https:\/\/kardoor.com.tr\/wp-content\/uploads\/2023\/07\/kasalar-18x12.jpg 18w, https:\/\/kardoor.com.tr\/wp-content\/uploads\/2023\/07\/kasalar-640x427.jpg 640w, https:\/\/kardoor.com.tr\/wp-content\/uploads\/2023\/07\/kasalar-400x267.jpg 400w\" sizes=\"auto, (max-width: 900px) 100vw, 900px\" \/><\/div>\n\t\t<\/figure>\n\t<\/div>\n<\/div><\/div><\/div><div class=\"wpb_column vc_column_container vc_col-sm-6\"><div class=\"vc_column-inner\"><div class=\"wpb_wrapper\"><h2 style=\"text-align: left\" class=\"vc_custom_heading vc_do_custom_heading\" >Details<\/h2>\n\t<div class=\"wpb_text_column wpb_content_element\" >\n\t\t<div class=\"wpb_wrapper\">\n\t\t\t<ul>\n<li>40 MM SANDWICH PANEL CORE<\/li>\n<li>40 MM SANDEV\u0130\u00c7 CASE GROOVED<\/li>\n<li>36 MM MDF CASE RAW<\/li>\n<li>36 MM MDF CASE GROOVED<\/li>\n<li>42 MM MDF CASE RAW<\/li>\n<li>42 MM MDF CASE GROOVED<\/li>\n<\/ul>\n\n\t\t<\/div>\n\t<\/div>\n<\/div><\/div><\/div><\/div><\/div><\/div><\/div><\/div><div class=\"vc_row wpb_row vc_row-fluid custom-page-wrapper container-lg-custom\"><div class=\"wpb_column vc_column_container vc_col-sm-12\"><div class=\"vc_column-inner\"><div class=\"wpb_wrapper\"><div class=\"vc_separator wpb_content_element vc_separator_align_center vc_sep_width_100 vc_sep_solid vc_sep_pos_align_center vc_separator_no_text vc_sep_color_grey vc_custom_1608416480934 my-0\" ><span class=\"vc_sep_holder vc_sep_holder_l\"><span class=\"vc_sep_line\"><\/span><\/span><span class=\"vc_sep_holder vc_sep_holder_r\"><span class=\"vc_sep_line\"><\/span><\/span>\n<\/div><\/div><\/div><\/div><\/div>\n<\/div>","protected":false},"excerpt":{"rendered":"Detaylar 40 MM SANDEV\u0130\u00c7 KASA HAM 40 MM SANDEV\u0130\u00c7 KASA HAREL\u0130 36 MM MDF KASA HAM 36MM MDF KASA HAREL\u0130","protected":false},"author":2,"featured_media":0,"parent":4973,"menu_order":0,"comment_status":"closed","ping_status":"closed","template":"","meta":{"footnotes":""},"class_list":["post-5051","page","type-page","status-publish","hentry"],"_links":{"self":[{"href":"https:\/\/kardoor.com.tr\/en\/wp-json\/wp\/v2\/pages\/5051","targetHints":{"allow":["GET"]}}],"collection":[{"href":"https:\/\/kardoor.com.tr\/en\/wp-json\/wp\/v2\/pages"}],"about":[{"href":"https:\/\/kardoor.com.tr\/en\/wp-json\/wp\/v2\/types\/page"}],"author":[{"embeddable":true,"href":"https:\/\/kardoor.com.tr\/en\/wp-json\/wp\/v2\/users\/2"}],"replies":[{"embeddable":true,"href":"https:\/\/kardoor.com.tr\/en\/wp-json\/wp\/v2\/comments?post=5051"}],"version-history":[{"count":1,"href":"https:\/\/kardoor.com.tr\/en\/wp-json\/wp\/v2\/pages\/5051\/revisions"}],"predecessor-version":[{"id":5052,"href":"https:\/\/kardoor.com.tr\/en\/wp-json\/wp\/v2\/pages\/5051\/revisions\/5052"}],"up":[{"embeddable":true,"href":"https:\/\/kardoor.com.tr\/en\/wp-json\/wp\/v2\/pages\/4973"}],"wp:attachment":[{"href":"https:\/\/kardoor.com.tr\/en\/wp-json\/wp\/v2\/media?parent=5051"}],"curies":[{"name":"wp","href":"https:\/\/api.w.org\/{rel}","templated":true}]}}